{"id":17919,"date":"2026-05-11T17:40:13","date_gmt":"2026-05-11T17:40:13","guid":{"rendered":"https:\/\/dmperfume.ae\/product\/creme-ebene-intense-eau-de-parfum-30ml\/"},"modified":"2026-05-11T17:40:19","modified_gmt":"2026-05-11T17:40:19","slug":"creme-ebene-intense-eau-de-parfum-30ml","status":"publish","type":"product","link":"https:\/\/dmperfume.ae\/ar\/product\/creme-ebene-intense-eau-de-parfum-30ml\/","title":{"rendered":"Cr\u00e8me \u00c9b\u00e8ne Intense Eau de Parfum, 30ml"},"content":{"rendered":"<h1 class=\"PDPMobile-name\" style=\"margin: 0px 0px 5px 20px;padding: 0px;border-width: 0px;border-style: solid;border-color: var(--color-gray-200, currentcolor);font-size: 16px;font-weight: 400;font-family: NunitoSans, sans-serif;font-style: normal;letter-spacing: normal;text-align: start;text-indent: 0px;text-transform: none;white-space: normal;text-decoration: none\">Cr\u00e8me \u00c9b\u00e8ne Intense Eau de Parfum, 30ml<\/h1>\n<p style=\"margin: 0px 0px 13px;padding: 0px;border-width: 0px;border-style: solid;border-color: var(--color-gray-200, currentcolor);font-family: NunitoSans, sans-serif;font-size: 13px;font-style: normal;font-weight: 400;letter-spacing: normal;text-align: start;text-indent: 0px;text-transform: none;white-space: normal;text-decoration: none\">Top Notes: Cardamom, Cumin, Saffron<\/p>\n<p style=\"margin: 13px 0px;padding: 0px;border-width: 0px;border-style: solid;border-color: var(--color-gray-200, currentcolor);font-family: NunitoSans, sans-serif;font-size: 13px;font-style: normal;font-weight: 400;letter-spacing: normal;text-align: start;text-indent: 0px;text-transform: none;white-space: normal;text-decoration: none\">\u2022 Heart Notes: Atlas Cedar, Virginia Cedar, Medjool dates<\/p>\n<p style=\"margin: 13px 0px 0px;padding: 0px;border-width: 0px;border-style: solid;border-color: var(--color-gray-200, currentcolor);font-family: NunitoSans, sans-serif;font-size: 13px;font-style: normal;font-weight: 400;letter-spacing: normal;text-align: start;text-indent: 0px;text-transform: none;white-space: normal;text-decoration: none\">\u2022 Base Notes: Papyrus, Sandalwood, Patchouli, Vanilla, White Musk.<\/p>","protected":false},"excerpt":{"rendered":"<p>Cr\u00e8me \u00c9b\u00e8ne Intense Eau de Parfum, 30ml Top Notes: Cardamom, Cumin, Saffron \u2022 Heart Notes: Atlas Cedar, Virginia Cedar, Medjool<\/p>","protected":false},"featured_media":17918,"comment_status":"open","ping_status":"closed","template":"","meta":[],"product_brand":[],"product_cat":[72],"product_tag":[],"class_list":{"0":"post-17919","1":"product","2":"type-product","3":"status-publish","4":"has-post-thumbnail","6":"product_cat-international-and-gulf-perfumes-brands","8":"first","9":"instock","10":"shipping-taxable","11":"purchasable","12":"product-type-simple"},"jetpack_sharing_enabled":true,"_links":{"self":[{"href":"https:\/\/dmperfume.ae\/ar\/wp-json\/wp\/v2\/product\/17919","targetHints":{"allow":["GET"]}}],"collection":[{"href":"https:\/\/dmperfume.ae\/ar\/wp-json\/wp\/v2\/product"}],"about":[{"href":"https:\/\/dmperfume.ae\/ar\/wp-json\/wp\/v2\/types\/product"}],"replies":[{"embeddable":true,"href":"https:\/\/dmperfume.ae\/ar\/wp-json\/wp\/v2\/comments?post=17919"}],"version-history":[{"count":0,"href":"https:\/\/dmperfume.ae\/ar\/wp-json\/wp\/v2\/product\/17919\/revisions"}],"wp:featuredmedia":[{"embeddable":true,"href":"https:\/\/dmperfume.ae\/ar\/wp-json\/wp\/v2\/media\/17918"}],"wp:attachment":[{"href":"https:\/\/dmperfume.ae\/ar\/wp-json\/wp\/v2\/media?parent=17919"}],"wp:term":[{"taxonomy":"product_brand","embeddable":true,"href":"https:\/\/dmperfume.ae\/ar\/wp-json\/wp\/v2\/product_brand?post=17919"},{"taxonomy":"product_cat","embeddable":true,"href":"https:\/\/dmperfume.ae\/ar\/wp-json\/wp\/v2\/product_cat?post=17919"},{"taxonomy":"product_tag","embeddable":true,"href":"https:\/\/dmperfume.ae\/ar\/wp-json\/wp\/v2\/product_tag?post=17919"}],"curies":[{"name":"wp","href":"https:\/\/api.w.org\/{rel}","templated":true}]}}